{"id":819,"date":"2022-05-19T14:14:50","date_gmt":"2022-05-19T11:14:50","guid":{"rendered":"https:\/\/cse-net.org\/?page_id=819"},"modified":"2022-05-19T14:14:50","modified_gmt":"2022-05-19T11:14:50","slug":"about-us","status":"publish","type":"page","link":"https:\/\/cse-net.org\/fr\/a-propos-de-nous\/","title":{"rendered":"\u00c0 propos de nous"},"content":{"rendered":"","protected":false},"excerpt":{"rendered":"","protected":false},"author":6,"featured_media":0,"parent":0,"menu_order":0,"comment_status":"closed","ping_status":"closed","template":"","meta":{"inline_featured_image":false,"footnotes":""},"class_list":["post-819","page","type-page","status-publish","hentry"],"acf":[],"yoast_head":"<!-- This site is optimized with the Yoast SEO plugin v27.3 - https:\/\/yoast.com\/product\/yoast-seo-wordpress\/ -->\n<title>About Us - Center for Sustainbability &amp; Excellence<\/title>\n<meta name=\"description\" content=\"About Us - Learn more\" \/>\n<meta name=\"robots\" content=\"index, follow, max-snippet:-1, max-image-preview:large, max-video-preview:-1\" \/>\n<link rel=\"canonical\" href=\"https:\/\/cse-net.org\/fr\/a-propos-de-nous\/\" \/>\n<meta property=\"og:locale\" content=\"fr_FR\" \/>\n<meta property=\"og:type\" content=\"article\" \/>\n<meta property=\"og:title\" content=\"About Us - Center for Sustainbability &amp; Excellence\" \/>\n<meta property=\"og:description\" content=\"About Us - Learn more\" \/>\n<meta property=\"og:url\" content=\"https:\/\/cse-net.org\/fr\/a-propos-de-nous\/\" \/>\n<meta property=\"og:site_name\" content=\"Center for Sustainbability &amp; Excellence\" \/>\n<meta property=\"article:publisher\" content=\"https:\/\/www.facebook.com\/Centre.for.Sustainability.and.Excellence\/\" \/>\n<meta property=\"og:image\" content=\"https:\/\/cse-net.org\/wp-content\/uploads\/2023\/12\/cse-logo-n.png\" \/>\n\t<meta property=\"og:image:width\" content=\"1200\" \/>\n\t<meta property=\"og:image:height\" content=\"675\" \/>\n\t<meta property=\"og:image:type\" content=\"image\/png\" \/>\n<meta name=\"twitter:card\" content=\"summary_large_image\" \/>\n<meta name=\"twitter:site\" content=\"@CSE_network\" \/>\n<script type=\"application\/ld+json\" class=\"yoast-schema-graph\">{\"@context\":\"https:\\\/\\\/schema.org\",\"@graph\":[{\"@type\":\"WebPage\",\"@id\":\"https:\\\/\\\/cse-net.org\\\/about-us\\\/\",\"url\":\"https:\\\/\\\/cse-net.org\\\/about-us\\\/\",\"name\":\"About Us - Center for Sustainbability &amp; Excellence\",\"isPartOf\":{\"@id\":\"https:\\\/\\\/cse-net.org\\\/#website\"},\"datePublished\":\"2022-05-19T11:14:50+00:00\",\"description\":\"About Us - Learn more\",\"breadcrumb\":{\"@id\":\"https:\\\/\\\/cse-net.org\\\/about-us\\\/#breadcrumb\"},\"inLanguage\":\"fr-FR\",\"potentialAction\":[{\"@type\":\"ReadAction\",\"target\":[\"https:\\\/\\\/cse-net.org\\\/about-us\\\/\"]}]},{\"@type\":\"BreadcrumbList\",\"@id\":\"https:\\\/\\\/cse-net.org\\\/about-us\\\/#breadcrumb\",\"itemListElement\":[{\"@type\":\"ListItem\",\"position\":1,\"name\":\"Home\",\"item\":\"https:\\\/\\\/cse-net.org\\\/\"},{\"@type\":\"ListItem\",\"position\":2,\"name\":\"About Us\"}]},{\"@type\":\"WebSite\",\"@id\":\"https:\\\/\\\/cse-net.org\\\/#website\",\"url\":\"https:\\\/\\\/cse-net.org\\\/\",\"name\":\"Center for Sustainbability & Excellence\",\"description\":\"\",\"publisher\":{\"@id\":\"https:\\\/\\\/cse-net.org\\\/#organization\"},\"potentialAction\":[{\"@type\":\"SearchAction\",\"target\":{\"@type\":\"EntryPoint\",\"urlTemplate\":\"https:\\\/\\\/cse-net.org\\\/?s={search_term_string}\"},\"query-input\":{\"@type\":\"PropertyValueSpecification\",\"valueRequired\":true,\"valueName\":\"search_term_string\"}}],\"inLanguage\":\"fr-FR\"},{\"@type\":\"Organization\",\"@id\":\"https:\\\/\\\/cse-net.org\\\/#organization\",\"name\":\"CSE\",\"url\":\"https:\\\/\\\/cse-net.org\\\/\",\"logo\":{\"@type\":\"ImageObject\",\"inLanguage\":\"fr-FR\",\"@id\":\"https:\\\/\\\/cse-net.org\\\/#\\\/schema\\\/logo\\\/image\\\/\",\"url\":\"https:\\\/\\\/cse-net.org\\\/wp-content\\\/uploads\\\/2023\\\/12\\\/cse-logo-n.png\",\"contentUrl\":\"https:\\\/\\\/cse-net.org\\\/wp-content\\\/uploads\\\/2023\\\/12\\\/cse-logo-n.png\",\"width\":1200,\"height\":675,\"caption\":\"CSE\"},\"image\":{\"@id\":\"https:\\\/\\\/cse-net.org\\\/#\\\/schema\\\/logo\\\/image\\\/\"},\"sameAs\":[\"https:\\\/\\\/www.facebook.com\\\/Centre.for.Sustainability.and.Excellence\\\/\",\"https:\\\/\\\/x.com\\\/CSE_network\",\"https:\\\/\\\/www.linkedin.com\\\/in\\\/nikos-avlonas-81ab3410\\\/\",\"https:\\\/\\\/www.youtube.com\\\/user\\\/CSEorg\"]}]}<\/script>\n<!-- \/ Yoast SEO plugin. -->","yoast_head_json":{"title":"\u00c0 propos de nous - Centre pour la durabilit\u00e9 et l'excellence","description":"\u00c0 propos de nous - En savoir plus","robots":{"index":"index","follow":"follow","max-snippet":"max-snippet:-1","max-image-preview":"max-image-preview:large","max-video-preview":"max-video-preview:-1"},"canonical":"https:\/\/cse-net.org\/fr\/a-propos-de-nous\/","og_locale":"fr_FR","og_type":"article","og_title":"About Us - Center for Sustainbability &amp; Excellence","og_description":"About Us - Learn more","og_url":"https:\/\/cse-net.org\/fr\/a-propos-de-nous\/","og_site_name":"Center for Sustainbability &amp; Excellence","article_publisher":"https:\/\/www.facebook.com\/Centre.for.Sustainability.and.Excellence\/","og_image":[{"width":1200,"height":675,"url":"https:\/\/cse-net.org\/wp-content\/uploads\/2023\/12\/cse-logo-n.png","type":"image\/png"}],"twitter_card":"summary_large_image","twitter_site":"@CSE_network","schema":{"@context":"https:\/\/schema.org","@graph":[{"@type":"WebPage","@id":"https:\/\/cse-net.org\/about-us\/","url":"https:\/\/cse-net.org\/about-us\/","name":"\u00c0 propos de nous - Centre pour la durabilit\u00e9 et l'excellence","isPartOf":{"@id":"https:\/\/cse-net.org\/#website"},"datePublished":"2022-05-19T11:14:50+00:00","description":"\u00c0 propos de nous - En savoir plus","breadcrumb":{"@id":"https:\/\/cse-net.org\/about-us\/#breadcrumb"},"inLanguage":"fr-FR","potentialAction":[{"@type":"ReadAction","target":["https:\/\/cse-net.org\/about-us\/"]}]},{"@type":"BreadcrumbList","@id":"https:\/\/cse-net.org\/about-us\/#breadcrumb","itemListElement":[{"@type":"ListItem","position":1,"name":"Home","item":"https:\/\/cse-net.org\/"},{"@type":"ListItem","position":2,"name":"About Us"}]},{"@type":"WebSite","@id":"https:\/\/cse-net.org\/#website","url":"https:\/\/cse-net.org\/","name":"Centre pour la durabilit\u00e9 et l'excellence","description":"","publisher":{"@id":"https:\/\/cse-net.org\/#organization"},"potentialAction":[{"@type":"SearchAction","target":{"@type":"EntryPoint","urlTemplate":"https:\/\/cse-net.org\/?s={search_term_string}"},"query-input":{"@type":"PropertyValueSpecification","valueRequired":true,"valueName":"search_term_string"}}],"inLanguage":"fr-FR"},{"@type":"Organization","@id":"https:\/\/cse-net.org\/#organization","name":"CSE","url":"https:\/\/cse-net.org\/","logo":{"@type":"ImageObject","inLanguage":"fr-FR","@id":"https:\/\/cse-net.org\/#\/schema\/logo\/image\/","url":"https:\/\/cse-net.org\/wp-content\/uploads\/2023\/12\/cse-logo-n.png","contentUrl":"https:\/\/cse-net.org\/wp-content\/uploads\/2023\/12\/cse-logo-n.png","width":1200,"height":675,"caption":"CSE"},"image":{"@id":"https:\/\/cse-net.org\/#\/schema\/logo\/image\/"},"sameAs":["https:\/\/www.facebook.com\/Centre.for.Sustainability.and.Excellence\/","https:\/\/x.com\/CSE_network","https:\/\/www.linkedin.com\/in\/nikos-avlonas-81ab3410\/","https:\/\/www.youtube.com\/user\/CSEorg"]}]}},"_links":{"self":[{"href":"https:\/\/cse-net.org\/fr\/wp-json\/wp\/v2\/pages\/819","targetHints":{"allow":["GET"]}}],"collection":[{"href":"https:\/\/cse-net.org\/fr\/wp-json\/wp\/v2\/pages"}],"about":[{"href":"https:\/\/cse-net.org\/fr\/wp-json\/wp\/v2\/types\/page"}],"author":[{"embeddable":true,"href":"https:\/\/cse-net.org\/fr\/wp-json\/wp\/v2\/users\/6"}],"replies":[{"embeddable":true,"href":"https:\/\/cse-net.org\/fr\/wp-json\/wp\/v2\/comments?post=819"}],"version-history":[{"count":1,"href":"https:\/\/cse-net.org\/fr\/wp-json\/wp\/v2\/pages\/819\/revisions"}],"predecessor-version":[{"id":820,"href":"https:\/\/cse-net.org\/fr\/wp-json\/wp\/v2\/pages\/819\/revisions\/820"}],"wp:attachment":[{"href":"https:\/\/cse-net.org\/fr\/wp-json\/wp\/v2\/media?parent=819"}],"curies":[{"name":"wp","href":"https:\/\/api.w.org\/{rel}","templated":true}]}}