{"id":361,"date":"2022-04-18T14:02:34","date_gmt":"2022-04-18T12:02:34","guid":{"rendered":"https:\/\/cse-net.org\/?page_id=361"},"modified":"2022-05-06T09:53:34","modified_gmt":"2022-05-06T07:53:34","slug":"certified-sustainability-esg-practitioner-program-leadership-edition-2022","status":"publish","type":"page","link":"https:\/\/cse-net.org\/fr\/prochains-programmes-de-formation-certifies\/programme-de-certification-des-praticiens-esg-en-matiere-de-developpement-durable-edition-2022\/","title":{"rendered":"Programme des praticiens certifi\u00e9s en d\u00e9veloppement durable (ESG), \u00e9dition Leadership 2022"},"content":{"rendered":"<div data-elementor-type=\"wp-page\" data-elementor-id=\"361\" class=\"elementor elementor-361\" data-elementor-post-type=\"page\">\n\t\t\t\t\t\t<section class=\"elementor-section elementor-top-section elementor-element elementor-element-6566ba0 elementor-section-full_width elementor-section-height-default elementor-section-height-default\" data-id=\"6566ba0\" data-element_type=\"section\" data-e-type=\"section\">\n\t\t\t\t\t\t<div class=\"elementor-container elementor-column-gap-default\">\n\t\t\t\t\t<div class=\"elementor-column elementor-col-100 elementor-top-column elementor-element elementor-element-9987d33\" data-id=\"9987d33\" data-element_type=\"column\" data-e-type=\"column\">\n\t\t\t<div class=\"elementor-widget-wrap elementor-element-populated\">\n\t\t\t\t\t\t<div class=\"elementor-element elementor-element-a13f5bc elementor-widget elementor-widget-shortcode\" data-id=\"a13f5bc\" data-element_type=\"widget\" data-e-type=\"widget\" data-widget_type=\"shortcode.default\">\n\t\t\t\t<div class=\"elementor-widget-container\">\n\t\t\t\t\t\n<section id=\"breadcrumb\">\n    <div class=\"container mobile-con\">\n        <div class=\"row\">\n            <div class=\"col-md-12\">\n                <p class=\"breadcrumb-text mobile\">\n                                    <\/p>\n                <p class=\"breadcrumb-text\">\n<!--                    <a class=\"bc-link\" href=\"\/\">--><!--<\/a> \/ -->\n<!--                    -->                        <a class=\"bc-link\" href=\"\/fr\/\">Page d'accueil<\/a> \/\n<!--                    -->\n\n                    \n\n                    \n                                        \n                    \n                    \n\n\n                    \n                                            <a class=\"bc-link\" href=\"https:\/\/cse-net.org\/fr\/prochains-programmes-de-formation-certifies\/\">Prochains programmes de formation certifi\u00e9e                        <\/a> \/\n                    \n                    \n                                            <span class=\"current\">Programme des praticiens certifi\u00e9s en d\u00e9veloppement durable (ESG), \u00e9dition Leadership 2022<\/span> \n                                            <\/p>\n                \n                \n            <\/div>\n        <\/div>\n    <\/div>\n<\/section>\n\n\n\n\t\t<div class=\"elementor-shortcode\"><\/div>\n\t\t\t\t\t\t<\/div>\n\t\t\t\t<\/div>\n\t\t\t\t\t<\/div>\n\t\t<\/div>\n\t\t\t\t\t<\/div>\n\t\t<\/section>\n\t\t\t\t<\/div>","protected":false},"excerpt":{"rendered":"","protected":false},"author":6,"featured_media":0,"parent":156,"menu_order":0,"comment_status":"closed","ping_status":"closed","template":"elementor_header_footer","meta":{"inline_featured_image":false,"footnotes":""},"class_list":["post-361","page","type-page","status-publish","hentry"],"acf":[],"yoast_head":"<!-- This site is optimized with the Yoast SEO plugin v27.4 - https:\/\/yoast.com\/product\/yoast-seo-wordpress\/ -->\n<title>Certified Sustainability (ESG) Practitioner Program, Leadership Edition 2022 - Center for Sustainbability &amp; Excellence<\/title>\n<meta name=\"description\" content=\"Certified Sustainability (ESG) Practitioner Program, Leadership Edition 2022 - Learn more\" \/>\n<meta name=\"robots\" content=\"index, follow, max-snippet:-1, max-image-preview:large, max-video-preview:-1\" \/>\n<link rel=\"canonical\" href=\"https:\/\/cse-net.org\/fr\/prochains-programmes-de-formation-certifies\/programme-de-certification-des-praticiens-esg-en-matiere-de-developpement-durable-edition-2022\/\" \/>\n<meta property=\"og:locale\" content=\"fr_FR\" \/>\n<meta property=\"og:type\" content=\"article\" \/>\n<meta property=\"og:title\" content=\"Certified Sustainability (ESG) Practitioner Program, Leadership Edition 2022 - Center for Sustainbability &amp; Excellence\" \/>\n<meta property=\"og:description\" content=\"Certified Sustainability (ESG) Practitioner Program, Leadership Edition 2022 - Learn more\" \/>\n<meta property=\"og:url\" content=\"https:\/\/cse-net.org\/fr\/prochains-programmes-de-formation-certifies\/programme-de-certification-des-praticiens-esg-en-matiere-de-developpement-durable-edition-2022\/\" \/>\n<meta property=\"og:site_name\" content=\"Center for Sustainbability &amp; Excellence\" \/>\n<meta property=\"article:publisher\" content=\"https:\/\/www.facebook.com\/Centre.for.Sustainability.and.Excellence\/\" \/>\n<meta property=\"article:modified_time\" content=\"2022-05-06T07:53:34+00:00\" \/>\n<meta property=\"og:image\" content=\"https:\/\/cse-net.org\/wp-content\/uploads\/2023\/12\/cse-logo-n.png\" \/>\n\t<meta property=\"og:image:width\" content=\"1200\" \/>\n\t<meta property=\"og:image:height\" content=\"675\" \/>\n\t<meta property=\"og:image:type\" content=\"image\/png\" \/>\n<meta name=\"twitter:card\" content=\"summary_large_image\" \/>\n<meta name=\"twitter:site\" content=\"@CSE_network\" \/>\n<script type=\"application\/ld+json\" class=\"yoast-schema-graph\">{\"@context\":\"https:\\\/\\\/schema.org\",\"@graph\":[{\"@type\":\"WebPage\",\"@id\":\"https:\\\/\\\/cse-net.org\\\/upcoming-certified-training-programs\\\/certified-sustainability-esg-practitioner-program-leadership-edition-2022\\\/\",\"url\":\"https:\\\/\\\/cse-net.org\\\/upcoming-certified-training-programs\\\/certified-sustainability-esg-practitioner-program-leadership-edition-2022\\\/\",\"name\":\"Certified Sustainability (ESG) Practitioner Program, Leadership Edition 2022 - Center for Sustainbability &amp; Excellence\",\"isPartOf\":{\"@id\":\"https:\\\/\\\/cse-net.org\\\/#website\"},\"datePublished\":\"2022-04-18T12:02:34+00:00\",\"dateModified\":\"2022-05-06T07:53:34+00:00\",\"description\":\"Certified Sustainability (ESG) Practitioner Program, Leadership Edition 2022 - Learn more\",\"breadcrumb\":{\"@id\":\"https:\\\/\\\/cse-net.org\\\/upcoming-certified-training-programs\\\/certified-sustainability-esg-practitioner-program-leadership-edition-2022\\\/#breadcrumb\"},\"inLanguage\":\"fr-FR\",\"potentialAction\":[{\"@type\":\"ReadAction\",\"target\":[\"https:\\\/\\\/cse-net.org\\\/upcoming-certified-training-programs\\\/certified-sustainability-esg-practitioner-program-leadership-edition-2022\\\/\"]}]},{\"@type\":\"BreadcrumbList\",\"@id\":\"https:\\\/\\\/cse-net.org\\\/upcoming-certified-training-programs\\\/certified-sustainability-esg-practitioner-program-leadership-edition-2022\\\/#breadcrumb\",\"itemListElement\":[{\"@type\":\"ListItem\",\"position\":1,\"name\":\"Home\",\"item\":\"https:\\\/\\\/cse-net.org\\\/\"},{\"@type\":\"ListItem\",\"position\":2,\"name\":\"Upcoming Certified Training Programs\",\"item\":\"https:\\\/\\\/cse-net.org\\\/upcoming-certified-training-programs\\\/\"},{\"@type\":\"ListItem\",\"position\":3,\"name\":\"Certified Sustainability (ESG) Practitioner Program, Leadership Edition 2022\"}]},{\"@type\":\"WebSite\",\"@id\":\"https:\\\/\\\/cse-net.org\\\/#website\",\"url\":\"https:\\\/\\\/cse-net.org\\\/\",\"name\":\"Center for Sustainbability & Excellence\",\"description\":\"\",\"publisher\":{\"@id\":\"https:\\\/\\\/cse-net.org\\\/#organization\"},\"potentialAction\":[{\"@type\":\"SearchAction\",\"target\":{\"@type\":\"EntryPoint\",\"urlTemplate\":\"https:\\\/\\\/cse-net.org\\\/?s={search_term_string}\"},\"query-input\":{\"@type\":\"PropertyValueSpecification\",\"valueRequired\":true,\"valueName\":\"search_term_string\"}}],\"inLanguage\":\"fr-FR\"},{\"@type\":\"Organization\",\"@id\":\"https:\\\/\\\/cse-net.org\\\/#organization\",\"name\":\"CSE\",\"url\":\"https:\\\/\\\/cse-net.org\\\/\",\"logo\":{\"@type\":\"ImageObject\",\"inLanguage\":\"fr-FR\",\"@id\":\"https:\\\/\\\/cse-net.org\\\/#\\\/schema\\\/logo\\\/image\\\/\",\"url\":\"https:\\\/\\\/cse-net.org\\\/wp-content\\\/uploads\\\/2023\\\/12\\\/cse-logo-n.png\",\"contentUrl\":\"https:\\\/\\\/cse-net.org\\\/wp-content\\\/uploads\\\/2023\\\/12\\\/cse-logo-n.png\",\"width\":1200,\"height\":675,\"caption\":\"CSE\"},\"image\":{\"@id\":\"https:\\\/\\\/cse-net.org\\\/#\\\/schema\\\/logo\\\/image\\\/\"},\"sameAs\":[\"https:\\\/\\\/www.facebook.com\\\/Centre.for.Sustainability.and.Excellence\\\/\",\"https:\\\/\\\/x.com\\\/CSE_network\",\"https:\\\/\\\/www.linkedin.com\\\/in\\\/nikos-avlonas-81ab3410\\\/\",\"https:\\\/\\\/www.youtube.com\\\/user\\\/CSEorg\"]}]}<\/script>\n<!-- \/ Yoast SEO plugin. -->","yoast_head_json":{"title":"Programme des praticiens certifi\u00e9s en d\u00e9veloppement durable (ESG), Leadership Edition 2022 - Center for Sustainbability &amp; Excellence","description":"Programme des praticiens certifi\u00e9s en d\u00e9veloppement durable (ESG), \u00e9dition Leadership 2022 - En savoir plus","robots":{"index":"index","follow":"follow","max-snippet":"max-snippet:-1","max-image-preview":"max-image-preview:large","max-video-preview":"max-video-preview:-1"},"canonical":"https:\/\/cse-net.org\/fr\/prochains-programmes-de-formation-certifies\/programme-de-certification-des-praticiens-esg-en-matiere-de-developpement-durable-edition-2022\/","og_locale":"fr_FR","og_type":"article","og_title":"Certified Sustainability (ESG) Practitioner Program, Leadership Edition 2022 - Center for Sustainbability &amp; Excellence","og_description":"Certified Sustainability (ESG) Practitioner Program, Leadership Edition 2022 - Learn more","og_url":"https:\/\/cse-net.org\/fr\/prochains-programmes-de-formation-certifies\/programme-de-certification-des-praticiens-esg-en-matiere-de-developpement-durable-edition-2022\/","og_site_name":"Center for Sustainbability &amp; Excellence","article_publisher":"https:\/\/www.facebook.com\/Centre.for.Sustainability.and.Excellence\/","article_modified_time":"2022-05-06T07:53:34+00:00","og_image":[{"width":1200,"height":675,"url":"https:\/\/cse-net.org\/wp-content\/uploads\/2023\/12\/cse-logo-n.png","type":"image\/png"}],"twitter_card":"summary_large_image","twitter_site":"@CSE_network","schema":{"@context":"https:\/\/schema.org","@graph":[{"@type":"WebPage","@id":"https:\/\/cse-net.org\/upcoming-certified-training-programs\/certified-sustainability-esg-practitioner-program-leadership-edition-2022\/","url":"https:\/\/cse-net.org\/upcoming-certified-training-programs\/certified-sustainability-esg-practitioner-program-leadership-edition-2022\/","name":"Programme des praticiens certifi\u00e9s en d\u00e9veloppement durable (ESG), Leadership Edition 2022 - Center for Sustainbability &amp; Excellence","isPartOf":{"@id":"https:\/\/cse-net.org\/#website"},"datePublished":"2022-04-18T12:02:34+00:00","dateModified":"2022-05-06T07:53:34+00:00","description":"Programme des praticiens certifi\u00e9s en d\u00e9veloppement durable (ESG), \u00e9dition Leadership 2022 - En savoir plus","breadcrumb":{"@id":"https:\/\/cse-net.org\/upcoming-certified-training-programs\/certified-sustainability-esg-practitioner-program-leadership-edition-2022\/#breadcrumb"},"inLanguage":"fr-FR","potentialAction":[{"@type":"ReadAction","target":["https:\/\/cse-net.org\/upcoming-certified-training-programs\/certified-sustainability-esg-practitioner-program-leadership-edition-2022\/"]}]},{"@type":"BreadcrumbList","@id":"https:\/\/cse-net.org\/upcoming-certified-training-programs\/certified-sustainability-esg-practitioner-program-leadership-edition-2022\/#breadcrumb","itemListElement":[{"@type":"ListItem","position":1,"name":"Home","item":"https:\/\/cse-net.org\/"},{"@type":"ListItem","position":2,"name":"Upcoming Certified Training Programs","item":"https:\/\/cse-net.org\/upcoming-certified-training-programs\/"},{"@type":"ListItem","position":3,"name":"Certified Sustainability (ESG) Practitioner Program, Leadership Edition 2022"}]},{"@type":"WebSite","@id":"https:\/\/cse-net.org\/#website","url":"https:\/\/cse-net.org\/","name":"Centre pour la durabilit\u00e9 et l'excellence","description":"","publisher":{"@id":"https:\/\/cse-net.org\/#organization"},"potentialAction":[{"@type":"SearchAction","target":{"@type":"EntryPoint","urlTemplate":"https:\/\/cse-net.org\/?s={search_term_string}"},"query-input":{"@type":"PropertyValueSpecification","valueRequired":true,"valueName":"search_term_string"}}],"inLanguage":"fr-FR"},{"@type":"Organization","@id":"https:\/\/cse-net.org\/#organization","name":"CSE","url":"https:\/\/cse-net.org\/","logo":{"@type":"ImageObject","inLanguage":"fr-FR","@id":"https:\/\/cse-net.org\/#\/schema\/logo\/image\/","url":"https:\/\/cse-net.org\/wp-content\/uploads\/2023\/12\/cse-logo-n.png","contentUrl":"https:\/\/cse-net.org\/wp-content\/uploads\/2023\/12\/cse-logo-n.png","width":1200,"height":675,"caption":"CSE"},"image":{"@id":"https:\/\/cse-net.org\/#\/schema\/logo\/image\/"},"sameAs":["https:\/\/www.facebook.com\/Centre.for.Sustainability.and.Excellence\/","https:\/\/x.com\/CSE_network","https:\/\/www.linkedin.com\/in\/nikos-avlonas-81ab3410\/","https:\/\/www.youtube.com\/user\/CSEorg"]}]}},"_links":{"self":[{"href":"https:\/\/cse-net.org\/fr\/wp-json\/wp\/v2\/pages\/361","targetHints":{"allow":["GET"]}}],"collection":[{"href":"https:\/\/cse-net.org\/fr\/wp-json\/wp\/v2\/pages"}],"about":[{"href":"https:\/\/cse-net.org\/fr\/wp-json\/wp\/v2\/types\/page"}],"author":[{"embeddable":true,"href":"https:\/\/cse-net.org\/fr\/wp-json\/wp\/v2\/users\/6"}],"replies":[{"embeddable":true,"href":"https:\/\/cse-net.org\/fr\/wp-json\/wp\/v2\/comments?post=361"}],"version-history":[{"count":4,"href":"https:\/\/cse-net.org\/fr\/wp-json\/wp\/v2\/pages\/361\/revisions"}],"predecessor-version":[{"id":453,"href":"https:\/\/cse-net.org\/fr\/wp-json\/wp\/v2\/pages\/361\/revisions\/453"}],"up":[{"embeddable":true,"href":"https:\/\/cse-net.org\/fr\/wp-json\/wp\/v2\/pages\/156"}],"wp:attachment":[{"href":"https:\/\/cse-net.org\/fr\/wp-json\/wp\/v2\/media?parent=361"}],"curies":[{"name":"wp","href":"https:\/\/api.w.org\/{rel}","templated":true}]}}